{"id":10226,"date":"2023-03-23T23:48:31","date_gmt":"2023-03-24T03:48:31","guid":{"rendered":"https:\/\/niagarafolkartsfestival.ca\/festival\/?page_id=10226"},"modified":"2023-03-25T13:41:09","modified_gmt":"2023-03-25T17:41:09","slug":"club-lasalle","status":"publish","type":"page","link":"https:\/\/niagarafolkartsfestival.ca\/festival\/archive\/2023-festival-archive\/2023-open-houses\/club-lasalle\/","title":{"rendered":"Club LaSalle"},"content":{"rendered":"<div class=\"fusion-fullwidth fullwidth-box fusion-builder-row-1 fusion-flex-container has-pattern-background has-mask-background nonhundred-percent-fullwidth non-hundred-percent-height-scrolling\" style=\"--awb-border-radius-top-left:0px;--awb-border-radius-top-right:0px;--awb-border-radius-bottom-right:0px;--awb-border-radius-bottom-left:0px;--awb-padding-right:4%;--awb-padding-left:4%;--awb-flex-wrap:wrap;\" ><div class=\"fusion-builder-row fusion-row fusion-flex-align-items-flex-start fusion-flex-content-wrap\" style=\"max-width:1206.4px;margin-left: calc(-4% \/ 2 );margin-right: calc(-4% \/ 2 );\"><div class=\"fusion-layout-column fusion_builder_column fusion-builder-column-0 fusion_builder_column_1_1 1_1 fusion-flex-column\" style=\"--awb-bg-size:cover;--awb-width-large:100%;--awb-margin-top-large:0px;--awb-spacing-right-large:1.92%;--awb-margin-bottom-large:20px;--awb-spacing-left-large:1.92%;--awb-width-medium:100%;--awb-order-medium:0;--awb-spacing-right-medium:1.92%;--awb-spacing-left-medium:1.92%;--awb-width-small:100%;--awb-order-small:0;--awb-spacing-right-small:1.92%;--awb-spacing-left-small:1.92%;\"><div class=\"fusion-column-wrapper fusion-column-has-shadow fusion-flex-justify-content-flex-start fusion-content-layout-column\"><div class=\"fusion-text fusion-text-1\" style=\"--awb-text-transform:none;\"><h1>Club LaSalle Open House<\/h1>\n<\/div><\/div><\/div><div class=\"fusion-layout-column fusion_builder_column fusion-builder-column-1 fusion_builder_column_1_2 1_2 fusion-flex-column\" style=\"--awb-bg-size:cover;--awb-width-large:50%;--awb-margin-top-large:0px;--awb-spacing-right-large:3.84%;--awb-margin-bottom-large:20px;--awb-spacing-left-large:3.84%;--awb-width-medium:100%;--awb-order-medium:0;--awb-spacing-right-medium:1.92%;--awb-spacing-left-medium:1.92%;--awb-width-small:100%;--awb-order-small:0;--awb-spacing-right-small:1.92%;--awb-spacing-left-small:1.92%;\"><div class=\"fusion-column-wrapper fusion-column-has-shadow fusion-flex-justify-content-flex-start fusion-content-layout-column\"><div class=\"fusion-text fusion-text-2\" style=\"--awb-text-transform:none;\"><h5><strong>Friday, May 26, 2023<br \/>\n5:00 pm &#8211; 10:00 pm<\/strong><\/h5>\n<h5>Club LaSalle<br \/>\n111 Arthur Street, St. Catharines<\/h5>\n<h5>289-213-1060<br \/>\n<a href=\"https:\/\/clublasalle.ca\">ClubLasalle.ca<\/a><br \/>\n<a href=\"mailto:Clublasalle@gmail.com\">Clublasalle@gmail.com<\/a><\/h5>\n<\/div><div class=\"fusion-social-links fusion-social-links-1\" style=\"--awb-margin-top:0px;--awb-margin-right:0px;--awb-margin-bottom:0px;--awb-margin-left:0px;--awb-box-border-top:0px;--awb-box-border-right:0px;--awb-box-border-bottom:0px;--awb-box-border-left:0px;--awb-icon-colors-hover:#e5a328;--awb-box-colors-hover:rgba(232,232,232,0.8);--awb-box-border-color:var(--awb-color3);--awb-box-border-color-hover:var(--awb-color4);\"><div class=\"fusion-social-networks color-type-custom\"><div class=\"fusion-social-networks-wrapper\"><a class=\"fusion-social-network-icon fusion-tooltip fusion-mail awb-icon-mail\" style=\"color:#66275c;font-size:26px;\" data-placement=\"top\" data-title=\"Email\" data-toggle=\"tooltip\" title=\"Email\" aria-label=\"mail\" target=\"_blank\" rel=\"noopener noreferrer\" href=\"mailto:&#067;&#108;u&#098;&#108;as&#097;&#108;le&#064;&#103;mail&#046;&#099;o&#109;\"><\/a><a class=\"fusion-social-network-icon fusion-tooltip fusion-phone awb-icon-phone\" style=\"color:#66275c;font-size:26px;\" data-placement=\"top\" data-title=\"Phone\" data-toggle=\"tooltip\" title=\"Phone\" aria-label=\"phone\" target=\"_self\" rel=\"noopener noreferrer\" href=\"tel:289-213-1060\"><\/a><\/div><\/div><\/div><\/div><\/div><div class=\"fusion-layout-column fusion_builder_column fusion-builder-column-2 fusion_builder_column_1_2 1_2 fusion-flex-column\" style=\"--awb-bg-size:cover;--awb-width-large:50%;--awb-margin-top-large:0px;--awb-spacing-right-large:3.84%;--awb-margin-bottom-large:20px;--awb-spacing-left-large:3.84%;--awb-width-medium:100%;--awb-order-medium:0;--awb-spacing-right-medium:1.92%;--awb-spacing-left-medium:1.92%;--awb-width-small:100%;--awb-order-small:0;--awb-spacing-right-small:1.92%;--awb-spacing-left-small:1.92%;\"><div class=\"fusion-column-wrapper fusion-column-has-shadow fusion-flex-justify-content-flex-start fusion-content-layout-column\"><div class=\"fusion-text fusion-text-3\" style=\"--awb-text-transform:none;\"><p>Bienvenue! Welcome to the festive evening of Francophone celebration where you can enjoy traditional-French Canadian cuisine in our beautiful facility by Lake Ontario. The first show is at 7 p.m. and the second show is at 8:45 p.m. with our talented groups who will entertain you with traditional, and contemporary songs and dance interpretation until 10 p.m.<\/p>\n<p>Bienvenue! Bienvenue \u00e0 une soir\u00e9e festive de c\u00e9l\u00e9bration francophone o\u00f9 vous pourrez d\u00e9guster une cuisine canadienne-fran\u00e7aise traditionnelle dans notre magnifique \u00e9tablissement situe sur le lac Ontario. Le premier spectacle seras pr\u00e9sent\u00e9 \u00e0 19 h et le deuxi\u00e8me spectacle \u00e0 20 h 45 avec nos groupes talentueux qui vous divertiront avec des chansons traditionnelles et contemporaines ainsi que des interpr\u00e9tations de danse jusqu\u2019\u00e0 22 h.<\/p>\n<\/div><div class=\"fusion-image-element \" style=\"--awb-caption-title-font-family:var(--h2_typography-font-family);--awb-caption-title-font-weight:var(--h2_typography-font-weight);--awb-caption-title-font-style:var(--h2_typography-font-style);--awb-caption-title-size:var(--h2_typography-font-size);--awb-caption-title-transform:var(--h2_typography-text-transform);--awb-caption-title-line-height:var(--h2_typography-line-height);--awb-caption-title-letter-spacing:var(--h2_typography-letter-spacing);\"><span class=\" fusion-imageframe imageframe-none imageframe-1 hover-type-none\"><img decoding=\"async\" width=\"767\" height=\"300\" alt=\"Club LaSalle\" title=\"Club LaSalle\" src=\"https:\/\/niagarafolkartsfestival.ca\/festival\/wp-content\/uploads\/sites\/2\/2019\/03\/FolkArtsFestival_2019_Website_OpenHouse-FeaturedImage_ClubLaSalle.png\" class=\"img-responsive wp-image-6040\" srcset=\"https:\/\/niagarafolkartsfestival.ca\/festival\/wp-content\/uploads\/sites\/2\/2019\/03\/FolkArtsFestival_2019_Website_OpenHouse-FeaturedImage_ClubLaSalle-300x117.png 300w, https:\/\/niagarafolkartsfestival.ca\/festival\/wp-content\/uploads\/sites\/2\/2019\/03\/FolkArtsFestival_2019_Website_OpenHouse-FeaturedImage_ClubLaSalle.png 767w\" sizes=\"(max-width: 767px) 100vw, 767px\" \/><\/span><\/div><\/div><\/div><\/div><\/div>\n","protected":false},"excerpt":{"rendered":"","protected":false},"author":1,"featured_media":0,"parent":10208,"menu_order":12,"comment_status":"closed","ping_status":"closed","template":"","meta":{"footnotes":""},"class_list":["post-10226","page","type-page","status-publish","hentry"],"_links":{"self":[{"href":"https:\/\/niagarafolkartsfestival.ca\/festival\/wp-json\/wp\/v2\/pages\/10226","targetHints":{"allow":["GET"]}}],"collection":[{"href":"https:\/\/niagarafolkartsfestival.ca\/festival\/wp-json\/wp\/v2\/pages"}],"about":[{"href":"https:\/\/niagarafolkartsfestival.ca\/festival\/wp-json\/wp\/v2\/types\/page"}],"author":[{"embeddable":true,"href":"https:\/\/niagarafolkartsfestival.ca\/festival\/wp-json\/wp\/v2\/users\/1"}],"replies":[{"embeddable":true,"href":"https:\/\/niagarafolkartsfestival.ca\/festival\/wp-json\/wp\/v2\/comments?post=10226"}],"version-history":[{"count":2,"href":"https:\/\/niagarafolkartsfestival.ca\/festival\/wp-json\/wp\/v2\/pages\/10226\/revisions"}],"predecessor-version":[{"id":10287,"href":"https:\/\/niagarafolkartsfestival.ca\/festival\/wp-json\/wp\/v2\/pages\/10226\/revisions\/10287"}],"up":[{"embeddable":true,"href":"https:\/\/niagarafolkartsfestival.ca\/festival\/wp-json\/wp\/v2\/pages\/10208"}],"wp:attachment":[{"href":"https:\/\/niagarafolkartsfestival.ca\/festival\/wp-json\/wp\/v2\/media?parent=10226"}],"curies":[{"name":"wp","href":"https:\/\/api.w.org\/{rel}","templated":true}]}}