{"id":10979,"date":"2024-02-24T01:07:30","date_gmt":"2024-02-24T06:07:30","guid":{"rendered":"https:\/\/niagarafolkartsfestival.ca\/festival\/?page_id=10979"},"modified":"2024-04-02T23:26:06","modified_gmt":"2024-04-03T03:26:06","slug":"croatian-national-centre","status":"publish","type":"page","link":"https:\/\/niagarafolkartsfestival.ca\/festival\/2024-open-houses\/croatian-national-centre\/","title":{"rendered":"Croatian National Centre"},"content":{"rendered":"<div class=\"fusion-fullwidth fullwidth-box fusion-builder-row-1 fusion-flex-container has-pattern-background has-mask-background nonhundred-percent-fullwidth non-hundred-percent-height-scrolling\" style=\"--awb-border-radius-top-left:0px;--awb-border-radius-top-right:0px;--awb-border-radius-bottom-right:0px;--awb-border-radius-bottom-left:0px;--awb-padding-right:4%;--awb-padding-left:4%;--awb-flex-wrap:wrap;\" ><div class=\"fusion-builder-row fusion-row fusion-flex-align-items-flex-start fusion-flex-content-wrap\" style=\"max-width:1206.4px;margin-left: calc(-4% \/ 2 );margin-right: calc(-4% \/ 2 );\"><div class=\"fusion-layout-column fusion_builder_column fusion-builder-column-0 fusion_builder_column_1_1 1_1 fusion-flex-column\" style=\"--awb-bg-size:cover;--awb-width-large:100%;--awb-margin-top-large:0px;--awb-spacing-right-large:1.92%;--awb-margin-bottom-large:20px;--awb-spacing-left-large:1.92%;--awb-width-medium:100%;--awb-order-medium:0;--awb-spacing-right-medium:1.92%;--awb-spacing-left-medium:1.92%;--awb-width-small:100%;--awb-order-small:0;--awb-spacing-right-small:1.92%;--awb-spacing-left-small:1.92%;\"><div class=\"fusion-column-wrapper fusion-column-has-shadow fusion-flex-justify-content-flex-start fusion-content-layout-column\"><div class=\"fusion-text fusion-text-1\" style=\"--awb-text-transform:none;\"><h1>Croatian National Centre Open House<\/h1>\n<\/div><\/div><\/div><div class=\"fusion-layout-column fusion_builder_column fusion-builder-column-1 fusion_builder_column_1_2 1_2 fusion-flex-column\" style=\"--awb-bg-size:cover;--awb-width-large:50%;--awb-margin-top-large:0px;--awb-spacing-right-large:3.84%;--awb-margin-bottom-large:20px;--awb-spacing-left-large:3.84%;--awb-width-medium:100%;--awb-order-medium:0;--awb-spacing-right-medium:1.92%;--awb-spacing-left-medium:1.92%;--awb-width-small:100%;--awb-order-small:0;--awb-spacing-right-small:1.92%;--awb-spacing-left-small:1.92%;\"><div class=\"fusion-column-wrapper fusion-column-has-shadow fusion-flex-justify-content-flex-start fusion-content-layout-column\"><div class=\"fusion-text fusion-text-2\" style=\"--awb-text-transform:none;\"><h5><strong>Saturday, May 4, 2024<br \/>\n1:00 pm &#8211; 11:00 pm<\/strong><\/h5>\n<h5>Croatian National Centre Niagara Peninsula<br \/>\n1416 Line 3 Road, Niagara-on-the-Lake<\/h5>\n<h5><a href=\"http:\/\/www.niagaracroatia.com\" target=\"_blank\" rel=\"noopener\">www.niagaracroatia.com<\/a><br \/>\n<a href=\"mailto:niagaracroatia@gmail.com\">niagaracroatia@gmail.com<\/a><\/h5>\n<\/div><div class=\"fusion-social-links fusion-social-links-1\" style=\"--awb-margin-top:0px;--awb-margin-right:0px;--awb-margin-bottom:0px;--awb-margin-left:0px;--awb-box-border-top:0px;--awb-box-border-right:0px;--awb-box-border-bottom:0px;--awb-box-border-left:0px;--awb-icon-colors-hover:#e5a328;--awb-box-colors-hover:rgba(232,232,232,0.8);--awb-box-border-color:var(--awb-color3);--awb-box-border-color-hover:var(--awb-color4);\"><div class=\"fusion-social-networks color-type-custom\"><div class=\"fusion-social-networks-wrapper\"><a class=\"fusion-social-network-icon fusion-tooltip fusion-facebook awb-icon-facebook\" style=\"color:#66275c;font-size:26px;\" data-placement=\"top\" data-title=\"Facebook\" data-toggle=\"tooltip\" title=\"Facebook\" aria-label=\"facebook\" target=\"_blank\" rel=\"noopener noreferrer\" href=\"https:\/\/www.facebook.com\/CroatianNiagara\/\"><\/a><a class=\"fusion-social-network-icon fusion-tooltip fusion-instagram awb-icon-instagram\" style=\"color:#66275c;font-size:26px;\" data-placement=\"top\" data-title=\"Instagram\" data-toggle=\"tooltip\" title=\"Instagram\" aria-label=\"instagram\" target=\"_blank\" rel=\"noopener noreferrer\" href=\"https:\/\/instragam.com\/Niagaracroatia\/\"><\/a><a class=\"fusion-social-network-icon fusion-tooltip fusion-mail awb-icon-mail\" style=\"color:#66275c;font-size:26px;\" data-placement=\"top\" data-title=\"Email\" data-toggle=\"tooltip\" title=\"Email\" aria-label=\"mail\" target=\"_blank\" rel=\"noopener noreferrer\" href=\"mailto:andr&#101;&#106;&#097;&#104;a&#108;l&#064;g&#109;ail.&#099;o&#109;\"><\/a><a class=\"fusion-social-network-icon fusion-tooltip fusion-phone awb-icon-phone\" style=\"color:#66275c;font-size:26px;\" data-placement=\"top\" data-title=\"Phone\" data-toggle=\"tooltip\" title=\"Phone\" aria-label=\"phone\" target=\"_self\" rel=\"noopener noreferrer\" href=\"tel:905-732-8164\"><\/a><\/div><\/div><\/div><\/div><\/div><div class=\"fusion-layout-column fusion_builder_column fusion-builder-column-2 fusion_builder_column_1_2 1_2 fusion-flex-column\" style=\"--awb-bg-size:cover;--awb-width-large:50%;--awb-margin-top-large:0px;--awb-spacing-right-large:3.84%;--awb-margin-bottom-large:20px;--awb-spacing-left-large:3.84%;--awb-width-medium:100%;--awb-order-medium:0;--awb-spacing-right-medium:1.92%;--awb-spacing-left-medium:1.92%;--awb-width-small:100%;--awb-order-small:0;--awb-spacing-right-small:1.92%;--awb-spacing-left-small:1.92%;\"><div class=\"fusion-column-wrapper fusion-column-has-shadow fusion-flex-justify-content-flex-start fusion-content-layout-column\"><div class=\"fusion-text fusion-text-3\" style=\"--awb-text-transform:none;\"><p>Join us at the Croatian National Open House in Niagara-on-the-Lake to celebrate Croatia\u2019s rich culture from its interior farmland village life to the Dalmatian coast and the islands of the Adriatic Sea.<\/p>\n<p>Kolo dance group, Hrvatsko Selo, will perform early in the day followed with live musical performances by the tambura\u0161i groups, Veseli Pajda\u0161i and Veseli Hrvati, and live Croatian band, Druga No\u0107.<\/p>\n<p>Food stations will serve roasted pork and lamb on a spit, Croatian \u010devapi (mini pork-beef sliders), traditional salads, cabbage rolls, and several other national foods and desserts.<\/p>\n<p>DOBRO DO\u0160LI !<\/p>\n<\/div><div class=\"fusion-image-element \" style=\"--awb-caption-title-font-family:var(--h2_typography-font-family);--awb-caption-title-font-weight:var(--h2_typography-font-weight);--awb-caption-title-font-style:var(--h2_typography-font-style);--awb-caption-title-size:var(--h2_typography-font-size);--awb-caption-title-transform:var(--h2_typography-text-transform);--awb-caption-title-line-height:var(--h2_typography-line-height);--awb-caption-title-letter-spacing:var(--h2_typography-letter-spacing);\"><span class=\" fusion-imageframe imageframe-none imageframe-1 hover-type-none\"><img decoding=\"async\" width=\"767\" height=\"492\" alt=\"Croatian National Center Open House\" title=\"Croatian National Center Open House\" src=\"https:\/\/niagarafolkartsfestival.ca\/festival\/wp-content\/uploads\/sites\/2\/2024\/03\/Hrvatska-Grana.jpeg\" class=\"img-responsive wp-image-11059\" srcset=\"https:\/\/niagarafolkartsfestival.ca\/festival\/wp-content\/uploads\/sites\/2\/2024\/03\/Hrvatska-Grana-200x128.jpeg 200w, https:\/\/niagarafolkartsfestival.ca\/festival\/wp-content\/uploads\/sites\/2\/2024\/03\/Hrvatska-Grana-400x257.jpeg 400w, https:\/\/niagarafolkartsfestival.ca\/festival\/wp-content\/uploads\/sites\/2\/2024\/03\/Hrvatska-Grana-600x385.jpeg 600w, https:\/\/niagarafolkartsfestival.ca\/festival\/wp-content\/uploads\/sites\/2\/2024\/03\/Hrvatska-Grana.jpeg 767w\" sizes=\"(max-width: 1024px) 100vw, (max-width: 640px) 100vw, 600px\" \/><\/span><\/div><\/div><\/div><\/div><\/div>\n","protected":false},"excerpt":{"rendered":"","protected":false},"author":1,"featured_media":0,"parent":10696,"menu_order":12,"comment_status":"closed","ping_status":"closed","template":"","meta":{"footnotes":""},"class_list":["post-10979","page","type-page","status-publish","hentry"],"_links":{"self":[{"href":"https:\/\/niagarafolkartsfestival.ca\/festival\/wp-json\/wp\/v2\/pages\/10979","targetHints":{"allow":["GET"]}}],"collection":[{"href":"https:\/\/niagarafolkartsfestival.ca\/festival\/wp-json\/wp\/v2\/pages"}],"about":[{"href":"https:\/\/niagarafolkartsfestival.ca\/festival\/wp-json\/wp\/v2\/types\/page"}],"author":[{"embeddable":true,"href":"https:\/\/niagarafolkartsfestival.ca\/festival\/wp-json\/wp\/v2\/users\/1"}],"replies":[{"embeddable":true,"href":"https:\/\/niagarafolkartsfestival.ca\/festival\/wp-json\/wp\/v2\/comments?post=10979"}],"version-history":[{"count":10,"href":"https:\/\/niagarafolkartsfestival.ca\/festival\/wp-json\/wp\/v2\/pages\/10979\/revisions"}],"predecessor-version":[{"id":11171,"href":"https:\/\/niagarafolkartsfestival.ca\/festival\/wp-json\/wp\/v2\/pages\/10979\/revisions\/11171"}],"up":[{"embeddable":true,"href":"https:\/\/niagarafolkartsfestival.ca\/festival\/wp-json\/wp\/v2\/pages\/10696"}],"wp:attachment":[{"href":"https:\/\/niagarafolkartsfestival.ca\/festival\/wp-json\/wp\/v2\/media?parent=10979"}],"curies":[{"name":"wp","href":"https:\/\/api.w.org\/{rel}","templated":true}]}}